{"id":2703,"date":"2023-01-24T13:21:01","date_gmt":"2023-01-24T13:21:01","guid":{"rendered":"https:\/\/allplay.cl\/?page_id=2703"},"modified":"2023-01-30T14:03:56","modified_gmt":"2023-01-30T14:03:56","slug":"colaboradores","status":"publish","type":"page","link":"https:\/\/allplay.cl\/index.php\/colaboradores\/","title":{"rendered":"Colaboradores"},"content":{"rendered":"\t\t<div data-elementor-type=\"wp-page\" data-elementor-id=\"2703\" class=\"elementor elementor-2703\">\n\t\t\t\t\t\t<section class=\"elementor-section elementor-top-section elementor-element elementor-element-fe80f44 elementor-section-boxed elementor-section-height-default elementor-section-height-default wpr-particle-no wpr-jarallax-no wpr-parallax-no wpr-sticky-section-no\" data-id=\"fe80f44\" data-element_type=\"section\">\n\t\t\t\t\t\t<div class=\"elementor-container elementor-column-gap-default\">\n\t\t\t\t\t<div class=\"elementor-column elementor-col-100 elementor-top-column elementor-element elementor-element-5210f91\" data-id=\"5210f91\" data-element_type=\"column\">\n\t\t\t<div class=\"elementor-widget-wrap elementor-element-populated\">\n\t\t\t\t\t\t<div class=\"elementor-element elementor-element-155206b elementor-widget elementor-widget-heading\" data-id=\"155206b\" data-element_type=\"widget\" data-widget_type=\"heading.default\">\n\t\t\t\t<div class=\"elementor-widget-container\">\n\t\t\t<style>\/*! elementor - v3.23.0 - 05-08-2024 *\/\n.elementor-heading-title{padding:0;margin:0;line-height:1}.elementor-widget-heading .elementor-heading-title[class*=elementor-size-]>a{color:inherit;font-size:inherit;line-height:inherit}.elementor-widget-heading .elementor-heading-title.elementor-size-small{font-size:15px}.elementor-widget-heading .elementor-heading-title.elementor-size-medium{font-size:19px}.elementor-widget-heading .elementor-heading-title.elementor-size-large{font-size:29px}.elementor-widget-heading .elementor-heading-title.elementor-size-xl{font-size:39px}.elementor-widget-heading .elementor-heading-title.elementor-size-xxl{font-size:59px}<\/style><h2 class=\"elementor-heading-title elementor-size-default\">Empresas colaboradoras<\/h2>\t\t<\/div>\n\t\t\t\t<\/div>\n\t\t\t\t\t<\/div>\n\t\t<\/div>\n\t\t\t\t\t<\/div>\n\t\t<\/section>\n\t\t\t\t<section class=\"elementor-section elementor-top-section elementor-element elementor-element-8b06532 elementor-section-full_width elementor-section-stretched elementor-section-height-default elementor-section-height-default wpr-particle-no wpr-jarallax-no wpr-parallax-no wpr-sticky-section-no\" data-id=\"8b06532\" data-element_type=\"section\" data-settings=\"{&quot;stretch_section&quot;:&quot;section-stretched&quot;}\">\n\t\t\t\t\t\t<div class=\"elementor-container elementor-column-gap-default\">\n\t\t\t\t\t<div class=\"elementor-column elementor-col-16 elementor-top-column elementor-element elementor-element-dc6f5c4\" data-id=\"dc6f5c4\" data-element_type=\"column\">\n\t\t\t<div class=\"elementor-widget-wrap elementor-element-populated\">\n\t\t\t\t\t\t<div class=\"elementor-element elementor-element-fcf8a32 elementor-position-top elementor-widget elementor-widget-image-box\" data-id=\"fcf8a32\" data-element_type=\"widget\" data-widget_type=\"image-box.default\">\n\t\t\t\t<div class=\"elementor-widget-container\">\n\t\t\t<style>\/*! elementor - v3.23.0 - 05-08-2024 *\/\n.elementor-widget-image-box .elementor-image-box-content{width:100%}@media (min-width:768px){.elementor-widget-image-box.elementor-position-left .elementor-image-box-wrapper,.elementor-widget-image-box.elementor-position-right .elementor-image-box-wrapper{display:flex}.elementor-widget-image-box.elementor-position-right .elementor-image-box-wrapper{text-align:end;flex-direction:row-reverse}.elementor-widget-image-box.elementor-position-left .elementor-image-box-wrapper{text-align:start;flex-direction:row}.elementor-widget-image-box.elementor-position-top .elementor-image-box-img{margin:auto}.elementor-widget-image-box.elementor-vertical-align-top .elementor-image-box-wrapper{align-items:flex-start}.elementor-widget-image-box.elementor-vertical-align-middle .elementor-image-box-wrapper{align-items:center}.elementor-widget-image-box.elementor-vertical-align-bottom .elementor-image-box-wrapper{align-items:flex-end}}@media (max-width:767px){.elementor-widget-image-box .elementor-image-box-img{margin-left:auto!important;margin-right:auto!important;margin-bottom:15px}}.elementor-widget-image-box .elementor-image-box-img{display:inline-block}.elementor-widget-image-box .elementor-image-box-title a{color:inherit}.elementor-widget-image-box .elementor-image-box-wrapper{text-align:center}.elementor-widget-image-box .elementor-image-box-description{margin:0}<\/style><div class=\"elementor-image-box-wrapper\"><figure class=\"elementor-image-box-img\"><a href=\"https:\/\/allplay.cl\/wp-content\/uploads\/2023\/01\/Programa-MC.pdf\" tabindex=\"-1\"><img fetchpriority=\"high\" decoding=\"async\" width=\"421\" height=\"603\" src=\"https:\/\/allplay.cl\/wp-content\/uploads\/2023\/01\/mediocampocolab02.png\" class=\"attachment-full size-full wp-image-2698\" alt=\"\" srcset=\"https:\/\/allplay.cl\/wp-content\/uploads\/2023\/01\/mediocampocolab02.png 421w, https:\/\/allplay.cl\/wp-content\/uploads\/2023\/01\/mediocampocolab02-209x300.png 209w\" sizes=\"(max-width: 421px) 100vw, 421px\" \/><\/a><\/figure><div class=\"elementor-image-box-content\"><h3 class=\"elementor-image-box-title\"><a href=\"https:\/\/allplay.cl\/wp-content\/uploads\/2023\/01\/Programa-MC.pdf\">PRO-FUNCIONAL<\/a><\/h3><p class=\"elementor-image-box-description\">Escanea el c\u00f3digo QR o haz clic para m\u00e1s informaci\u00f3n<\/p><\/div><\/div>\t\t<\/div>\n\t\t\t\t<\/div>\n\t\t\t\t\t<\/div>\n\t\t<\/div>\n\t\t\t\t<div class=\"elementor-column elementor-col-16 elementor-top-column elementor-element elementor-element-ff9fddc\" data-id=\"ff9fddc\" data-element_type=\"column\">\n\t\t\t<div class=\"elementor-widget-wrap elementor-element-populated\">\n\t\t\t\t\t\t<div class=\"elementor-element elementor-element-6fcb1e9 elementor-position-top elementor-widget elementor-widget-image-box\" data-id=\"6fcb1e9\" data-element_type=\"widget\" data-widget_type=\"image-box.default\">\n\t\t\t\t<div class=\"elementor-widget-container\">\n\t\t\t<div class=\"elementor-image-box-wrapper\"><figure class=\"elementor-image-box-img\"><a href=\"https:\/\/allplay.cl\/wp-content\/uploads\/2023\/01\/Circuito-Grupal-MC.pdf\" tabindex=\"-1\"><img decoding=\"async\" width=\"1080\" height=\"1920\" src=\"https:\/\/allplay.cl\/wp-content\/uploads\/2023\/01\/historia-2.jpg\" class=\"attachment-full size-full wp-image-2693\" alt=\"\" srcset=\"https:\/\/allplay.cl\/wp-content\/uploads\/2023\/01\/historia-2.jpg 1080w, https:\/\/allplay.cl\/wp-content\/uploads\/2023\/01\/historia-2-169x300.jpg 169w, https:\/\/allplay.cl\/wp-content\/uploads\/2023\/01\/historia-2-576x1024.jpg 576w, https:\/\/allplay.cl\/wp-content\/uploads\/2023\/01\/historia-2-768x1365.jpg 768w, https:\/\/allplay.cl\/wp-content\/uploads\/2023\/01\/historia-2-864x1536.jpg 864w\" sizes=\"(max-width: 1080px) 100vw, 1080px\" \/><\/a><\/figure><div class=\"elementor-image-box-content\"><h3 class=\"elementor-image-box-title\"><a href=\"https:\/\/allplay.cl\/wp-content\/uploads\/2023\/01\/Circuito-Grupal-MC.pdf\">Circuito Grupal PRO FUNCIONAL<\/a><\/h3><p class=\"elementor-image-box-description\">Haz clic para m\u00e1s informaci\u00f3n<\/p><\/div><\/div>\t\t<\/div>\n\t\t\t\t<\/div>\n\t\t\t\t\t<\/div>\n\t\t<\/div>\n\t\t\t\t<div class=\"elementor-column elementor-col-16 elementor-top-column elementor-element elementor-element-8ccd1c0\" data-id=\"8ccd1c0\" data-element_type=\"column\">\n\t\t\t<div class=\"elementor-widget-wrap elementor-element-populated\">\n\t\t\t\t\t\t<div class=\"elementor-element elementor-element-6c4a458 elementor-position-top elementor-widget elementor-widget-image-box\" data-id=\"6c4a458\" data-element_type=\"widget\" data-widget_type=\"image-box.default\">\n\t\t\t\t<div class=\"elementor-widget-container\">\n\t\t\t<div class=\"elementor-image-box-wrapper\"><figure class=\"elementor-image-box-img\"><a href=\"https:\/\/instagram.com\/pro_funcional?igshid=Yzg5MTU1MDY=\" tabindex=\"-1\"><img decoding=\"async\" width=\"1080\" height=\"1920\" src=\"https:\/\/allplay.cl\/wp-content\/uploads\/2023\/01\/codigo-multisuples.jpg\" class=\"attachment-full size-full wp-image-2722\" alt=\"\" srcset=\"https:\/\/allplay.cl\/wp-content\/uploads\/2023\/01\/codigo-multisuples.jpg 1080w, https:\/\/allplay.cl\/wp-content\/uploads\/2023\/01\/codigo-multisuples-169x300.jpg 169w, https:\/\/allplay.cl\/wp-content\/uploads\/2023\/01\/codigo-multisuples-576x1024.jpg 576w, https:\/\/allplay.cl\/wp-content\/uploads\/2023\/01\/codigo-multisuples-768x1365.jpg 768w, https:\/\/allplay.cl\/wp-content\/uploads\/2023\/01\/codigo-multisuples-864x1536.jpg 864w\" sizes=\"(max-width: 1080px) 100vw, 1080px\" \/><\/a><\/figure><div class=\"elementor-image-box-content\"><h3 class=\"elementor-image-box-title\"><a href=\"https:\/\/instagram.com\/pro_funcional?igshid=Yzg5MTU1MDY=\">MULTISUPLES<\/a><\/h3><p class=\"elementor-image-box-description\">Haz clic para m\u00e1s informaci\u00f3n<\/p><\/div><\/div>\t\t<\/div>\n\t\t\t\t<\/div>\n\t\t\t\t\t<\/div>\n\t\t<\/div>\n\t\t\t\t<div class=\"elementor-column elementor-col-16 elementor-top-column elementor-element elementor-element-a67d2ce\" data-id=\"a67d2ce\" data-element_type=\"column\">\n\t\t\t<div class=\"elementor-widget-wrap elementor-element-populated\">\n\t\t\t\t\t\t<div class=\"elementor-element elementor-element-c99f924 elementor-position-top elementor-widget elementor-widget-image-box\" data-id=\"c99f924\" data-element_type=\"widget\" data-widget_type=\"image-box.default\">\n\t\t\t\t<div class=\"elementor-widget-container\">\n\t\t\t<div class=\"elementor-image-box-wrapper\"><figure class=\"elementor-image-box-img\"><a href=\"index.php\/pro-funcional\/\" tabindex=\"-1\"><img loading=\"lazy\" decoding=\"async\" width=\"1080\" height=\"1920\" src=\"https:\/\/allplay.cl\/wp-content\/uploads\/2023\/01\/historia-3.jpg\" class=\"attachment-full size-full wp-image-2694\" alt=\"\" srcset=\"https:\/\/allplay.cl\/wp-content\/uploads\/2023\/01\/historia-3.jpg 1080w, https:\/\/allplay.cl\/wp-content\/uploads\/2023\/01\/historia-3-169x300.jpg 169w, https:\/\/allplay.cl\/wp-content\/uploads\/2023\/01\/historia-3-576x1024.jpg 576w, https:\/\/allplay.cl\/wp-content\/uploads\/2023\/01\/historia-3-768x1365.jpg 768w, https:\/\/allplay.cl\/wp-content\/uploads\/2023\/01\/historia-3-864x1536.jpg 864w\" sizes=\"(max-width: 1080px) 100vw, 1080px\" \/><\/a><\/figure><div class=\"elementor-image-box-content\"><h3 class=\"elementor-image-box-title\"><a href=\"index.php\/pro-funcional\/\">PRO-FUNCIONAL<\/a><\/h3><p class=\"elementor-image-box-description\">Haz clic para m\u00e1s informaci\u00f3n<\/p><\/div><\/div>\t\t<\/div>\n\t\t\t\t<\/div>\n\t\t\t\t\t<\/div>\n\t\t<\/div>\n\t\t\t\t<div class=\"elementor-column elementor-col-16 elementor-top-column elementor-element elementor-element-3de07c0\" data-id=\"3de07c0\" data-element_type=\"column\">\n\t\t\t<div class=\"elementor-widget-wrap elementor-element-populated\">\n\t\t\t\t\t\t<div class=\"elementor-element elementor-element-eaeb5e0 elementor-position-top elementor-widget elementor-widget-image-box\" data-id=\"eaeb5e0\" data-element_type=\"widget\" data-widget_type=\"image-box.default\">\n\t\t\t\t<div class=\"elementor-widget-container\">\n\t\t\t<div class=\"elementor-image-box-wrapper\"><figure class=\"elementor-image-box-img\"><a href=\"https:\/\/www.instagram.com\/tenazbeachclub\/\" tabindex=\"-1\"><img loading=\"lazy\" decoding=\"async\" width=\"1024\" height=\"1280\" src=\"https:\/\/allplay.cl\/wp-content\/uploads\/2023\/01\/WhatsApp-Image-2023-01-24-at-1.53.03-PM.jpeg\" class=\"attachment-full size-full wp-image-2771\" alt=\"\" srcset=\"https:\/\/allplay.cl\/wp-content\/uploads\/2023\/01\/WhatsApp-Image-2023-01-24-at-1.53.03-PM.jpeg 1024w, https:\/\/allplay.cl\/wp-content\/uploads\/2023\/01\/WhatsApp-Image-2023-01-24-at-1.53.03-PM-240x300.jpeg 240w, https:\/\/allplay.cl\/wp-content\/uploads\/2023\/01\/WhatsApp-Image-2023-01-24-at-1.53.03-PM-819x1024.jpeg 819w, https:\/\/allplay.cl\/wp-content\/uploads\/2023\/01\/WhatsApp-Image-2023-01-24-at-1.53.03-PM-768x960.jpeg 768w\" sizes=\"(max-width: 1024px) 100vw, 1024px\" \/><\/a><\/figure><div class=\"elementor-image-box-content\"><h3 class=\"elementor-image-box-title\"><a href=\"https:\/\/www.instagram.com\/tenazbeachclub\/\">TENAZ BEACH CLUB<\/a><\/h3><p class=\"elementor-image-box-description\">Haz clic para m\u00e1s informaci\u00f3n<\/p><\/div><\/div>\t\t<\/div>\n\t\t\t\t<\/div>\n\t\t\t\t\t<\/div>\n\t\t<\/div>\n\t\t\t\t<div class=\"elementor-column elementor-col-16 elementor-top-column elementor-element elementor-element-bcaf4fd\" data-id=\"bcaf4fd\" data-element_type=\"column\">\n\t\t\t<div class=\"elementor-widget-wrap elementor-element-populated\">\n\t\t\t\t\t\t<div class=\"elementor-element elementor-element-1367599 elementor-position-top elementor-widget elementor-widget-image-box\" data-id=\"1367599\" data-element_type=\"widget\" data-widget_type=\"image-box.default\">\n\t\t\t\t<div class=\"elementor-widget-container\">\n\t\t\t<div class=\"elementor-image-box-wrapper\"><figure class=\"elementor-image-box-img\"><a href=\"https:\/\/www.instagram.com\/powerade_cl\/?hl=es\" tabindex=\"-1\"><img loading=\"lazy\" decoding=\"async\" width=\"400\" height=\"396\" src=\"https:\/\/allplay.cl\/wp-content\/uploads\/2023\/01\/powerade.png\" class=\"attachment-full size-full wp-image-2793\" alt=\"\" srcset=\"https:\/\/allplay.cl\/wp-content\/uploads\/2023\/01\/powerade.png 400w, https:\/\/allplay.cl\/wp-content\/uploads\/2023\/01\/powerade-300x297.png 300w, https:\/\/allplay.cl\/wp-content\/uploads\/2023\/01\/powerade-150x150.png 150w\" sizes=\"(max-width: 400px) 100vw, 400px\" \/><\/a><\/figure><div class=\"elementor-image-box-content\"><h3 class=\"elementor-image-box-title\"><a href=\"https:\/\/www.instagram.com\/powerade_cl\/?hl=es\">POWERADE<\/a><\/h3><p class=\"elementor-image-box-description\">Haz clic para m\u00e1s informaci\u00f3n<\/p><\/div><\/div>\t\t<\/div>\n\t\t\t\t<\/div>\n\t\t\t\t\t<\/div>\n\t\t<\/div>\n\t\t\t\t\t<\/div>\n\t\t<\/section>\n\t\t\t\t<\/div>\n\t\t","protected":false},"excerpt":{"rendered":"<p>Empresas colaboradoras PRO-FUNCIONAL Escanea el c\u00f3digo QR o haz clic para m\u00e1s informaci\u00f3n Circuito Grupal PRO FUNCIONAL Haz clic para m\u00e1s informaci\u00f3n MULTISUPLES Haz clic para m\u00e1s informaci\u00f3n PRO-FUNCIONAL Haz clic para m\u00e1s informaci\u00f3n TENAZ BEACH CLUB Haz clic para m\u00e1s informaci\u00f3n POWERADE Haz clic para m\u00e1s informaci\u00f3n<\/p>\n","protected":false},"author":1,"featured_media":0,"parent":0,"menu_order":0,"comment_status":"closed","ping_status":"closed","template":"elementor_header_footer","meta":{"om_disable_all_campaigns":false,"_monsterinsights_skip_tracking":false,"_monsterinsights_sitenote_active":false,"_monsterinsights_sitenote_note":"","_monsterinsights_sitenote_category":0,"_joinchat":[],"footnotes":""},"class_list":["post-2703","page","type-page","status-publish","hentry"],"aioseo_notices":[],"_links":{"self":[{"href":"https:\/\/allplay.cl\/index.php\/wp-json\/wp\/v2\/pages\/2703"}],"collection":[{"href":"https:\/\/allplay.cl\/index.php\/wp-json\/wp\/v2\/pages"}],"about":[{"href":"https:\/\/allplay.cl\/index.php\/wp-json\/wp\/v2\/types\/page"}],"author":[{"embeddable":true,"href":"https:\/\/allplay.cl\/index.php\/wp-json\/wp\/v2\/users\/1"}],"replies":[{"embeddable":true,"href":"https:\/\/allplay.cl\/index.php\/wp-json\/wp\/v2\/comments?post=2703"}],"version-history":[{"count":38,"href":"https:\/\/allplay.cl\/index.php\/wp-json\/wp\/v2\/pages\/2703\/revisions"}],"predecessor-version":[{"id":2799,"href":"https:\/\/allplay.cl\/index.php\/wp-json\/wp\/v2\/pages\/2703\/revisions\/2799"}],"wp:attachment":[{"href":"https:\/\/allplay.cl\/index.php\/wp-json\/wp\/v2\/media?parent=2703"}],"curies":[{"name":"wp","href":"https:\/\/api.w.org\/{rel}","templated":true}]}}